{"id":3734,"date":"2023-09-04T05:34:50","date_gmt":"2023-09-04T05:34:50","guid":{"rendered":"https:\/\/change2target.io\/people\/"},"modified":"2025-04-24T10:32:09","modified_gmt":"2025-04-24T10:32:09","slug":"people","status":"publish","type":"page","link":"https:\/\/change2target.ai\/de\/people\/","title":{"rendered":"People"},"content":{"rendered":"\t\t<div data-elementor-type=\"wp-page\" data-elementor-id=\"3734\" class=\"elementor elementor-3734 elementor-401\" data-elementor-post-type=\"page\">\n\t\t\t\t\t\t\t<div class=\"elementor-element elementor-element-8d25796 scroll-to-section e-flex e-con-boxed e-con e-parent\" data-id=\"8d25796\" data-element_type=\"container\" data-settings=\"{&quot;background_background&quot;:&quot;classic&quot;,&quot;content_width&quot;:&quot;boxed&quot;}\" data-core-v316-plus=\"true\">\n\t\t\t\t\t<div class=\"e-con-inner\">\n\t\t<div class=\"elementor-element elementor-element-2061864 e-flex e-con-boxed e-con e-child\" data-id=\"2061864\" data-element_type=\"container\" data-settings=\"{&quot;content_width&quot;:&quot;boxed&quot;}\">\n\t\t\t\t\t<div class=\"e-con-inner\">\n\t\t\t\t<div class=\"elementor-element elementor-element-9c9537f elementor-align-left elementor-widget elementor-widget-breadcrumbs\" data-id=\"9c9537f\" data-element_type=\"widget\" data-widget_type=\"breadcrumbs.default\">\n\t\t\t\t<div class=\"elementor-widget-container\">\n\t\t\t<link rel=\"stylesheet\" href=\"https:\/\/change2target.ai\/wp-content\/plugins\/elementor-pro\/assets\/css\/widget-theme-elements.min.css\"><p id=\"breadcrumbs\"><span><span><a href=\"https:\/\/change2target.ai\/de\/\">Home<\/a><\/span><\/span><\/p>\t\t<\/div>\n\t\t\t\t<\/div>\n\t\t\t\t\t<\/div>\n\t\t\t\t<\/div>\n\t\t<div class=\"elementor-element elementor-element-00e4e2f e-flex e-con-boxed e-con e-child\" data-id=\"00e4e2f\" data-element_type=\"container\" data-settings=\"{&quot;background_background&quot;:&quot;classic&quot;,&quot;content_width&quot;:&quot;boxed&quot;}\">\n\t\t\t\t\t<div class=\"e-con-inner\">\n\t\t\t\t<div class=\"elementor-element elementor-element-06f6bf1 elementor-widget__width-initial elementor-widget elementor-widget-heading\" data-id=\"06f6bf1\" data-element_type=\"widget\" data-widget_type=\"heading.default\">\n\t\t\t\t<div class=\"elementor-widget-container\">\n\t\t\t<style>\/*! elementor - v3.16.0 - 20-09-2023 *\/\n.elementor-heading-title{padding:0;margin:0;line-height:1}.elementor-widget-heading .elementor-heading-title[class*=elementor-size-]>a{color:inherit;font-size:inherit;line-height:inherit}.elementor-widget-heading .elementor-heading-title.elementor-size-small{font-size:15px}.elementor-widget-heading .elementor-heading-title.elementor-size-medium{font-size:19px}.elementor-widget-heading .elementor-heading-title.elementor-size-large{font-size:29px}.elementor-widget-heading .elementor-heading-title.elementor-size-xl{font-size:39px}.elementor-widget-heading .elementor-heading-title.elementor-size-xxl{font-size:59px}<\/style><h1 class=\"elementor-heading-title elementor-size-default\">INNOVATION EXPERIENCE \n<\/h1>\t\t<\/div>\n\t\t\t\t<\/div>\n\t\t\t\t\t<\/div>\n\t\t\t\t<\/div>\n\t\t<div class=\"elementor-element elementor-element-b898717 e-flex e-con-boxed e-con e-child\" data-id=\"b898717\" data-element_type=\"container\" data-settings=\"{&quot;background_background&quot;:&quot;classic&quot;,&quot;content_width&quot;:&quot;boxed&quot;}\">\n\t\t\t\t\t<div class=\"e-con-inner\">\n\t\t\t\t<div class=\"elementor-element elementor-element-adc88e2 elementor-widget__width-initial elementor-widget elementor-widget-heading\" data-id=\"adc88e2\" data-element_type=\"widget\" data-widget_type=\"heading.default\">\n\t\t\t\t<div class=\"elementor-widget-container\">\n\t\t\t<h3 class=\"elementor-heading-title elementor-size-default\">Werde ein Transformer bei change2target AI<\/h3>\t\t<\/div>\n\t\t\t\t<\/div>\n\t\t<div class=\"elementor-element elementor-element-56b8228 e-flex e-con-boxed e-con e-child\" data-id=\"56b8228\" data-element_type=\"container\" data-settings=\"{&quot;background_background&quot;:&quot;classic&quot;,&quot;content_width&quot;:&quot;boxed&quot;}\">\n\t\t\t\t\t<div class=\"e-con-inner\">\n\t\t\t\t<div class=\"elementor-element elementor-element-fb2f1e0 elementor-widget elementor-widget-text-editor\" data-id=\"fb2f1e0\" data-element_type=\"widget\" data-widget_type=\"text-editor.default\">\n\t\t\t\t<div class=\"elementor-widget-container\">\n\t\t\t<style>\/*! elementor - v3.16.0 - 20-09-2023 *\/\n.elementor-widget-text-editor.elementor-drop-cap-view-stacked .elementor-drop-cap{background-color:#69727d;color:#fff}.elementor-widget-text-editor.elementor-drop-cap-view-framed .elementor-drop-cap{color:#69727d;border:3px solid;background-color:transparent}.elementor-widget-text-editor:not(.elementor-drop-cap-view-default) .elementor-drop-cap{margin-top:8px}.elementor-widget-text-editor:not(.elementor-drop-cap-view-default) .elementor-drop-cap-letter{width:1em;height:1em}.elementor-widget-text-editor .elementor-drop-cap{float:left;text-align:center;line-height:1;font-size:50px}.elementor-widget-text-editor .elementor-drop-cap-letter{display:inline-block}<\/style>\t\t\t\t<p><span style=\"font-weight: 400;\">Unser Team aus Strategen, Analysten, Projektmanagern, Entwicklern, Ingenieuren, Marketingexperten und Designern ist hoch qualifiziert und wirklich digital. Wir wissen, wie wir aktuelle Gesch\u00e4ftsmodelle mit disruptivem Denken kombinieren k\u00f6nnen, um den Weg in eine digitale Zukunft zu beschleunigen. <\/span><\/p>\n\t\t\t\t\t\t<\/div>\n\t\t\t\t<\/div>\n\t\t\t\t\t<\/div>\n\t\t\t\t<\/div>\n\t\t\t\t\t<\/div>\n\t\t\t\t<\/div>\n\t\t<div class=\"elementor-element elementor-element-baa1dc3 e-flex e-con-boxed e-con e-child\" data-id=\"baa1dc3\" data-element_type=\"container\" data-settings=\"{&quot;content_width&quot;:&quot;boxed&quot;}\">\n\t\t\t\t\t<div class=\"e-con-inner\">\n\t\t\t\t<div class=\"elementor-element elementor-element-957463c border-corner-img elementor-widget elementor-widget-image\" data-id=\"957463c\" data-element_type=\"widget\" data-widget_type=\"image.default\">\n\t\t\t\t<div class=\"elementor-widget-container\">\n\t\t\t<style>\/*! elementor - v3.16.0 - 20-09-2023 *\/\n.elementor-widget-image{text-align:center}.elementor-widget-image a{display:inline-block}.elementor-widget-image a img[src$=\".svg\"]{width:48px}.elementor-widget-image img{vertical-align:middle;display:inline-block}<\/style>\t\t\t\t\t\t\t\t\t\t\t\t<img decoding=\"async\" loading=\"lazy\" width=\"1777\" height=\"906\" src=\"https:\/\/change2target.ai\/wp-content\/uploads\/2023\/09\/people-page.webp\" class=\"attachment-full size-full wp-image-3919\" alt=\"\" srcset=\"https:\/\/change2target.ai\/wp-content\/uploads\/2023\/09\/people-page.webp 1777w, https:\/\/change2target.ai\/wp-content\/uploads\/2023\/09\/people-page-300x153.webp 300w, https:\/\/change2target.ai\/wp-content\/uploads\/2023\/09\/people-page-1024x522.webp 1024w, https:\/\/change2target.ai\/wp-content\/uploads\/2023\/09\/people-page-768x392.webp 768w, https:\/\/change2target.ai\/wp-content\/uploads\/2023\/09\/people-page-1536x783.webp 1536w\" sizes=\"(max-width: 1777px) 100vw, 1777px\" \/>\t\t\t\t\t\t\t\t\t\t\t\t\t\t\t<\/div>\n\t\t\t\t<\/div>\n\t\t\t\t\t<\/div>\n\t\t\t\t<\/div>\n\t\t\t\t\t<\/div>\n\t\t\t\t<\/div>\n\t\t<div class=\"elementor-element elementor-element-90d50b7 scroll-to-section e-flex e-con-boxed e-con e-parent\" data-id=\"90d50b7\" data-element_type=\"container\" data-settings=\"{&quot;content_width&quot;:&quot;boxed&quot;}\" data-core-v316-plus=\"true\">\n\t\t\t\t\t<div class=\"e-con-inner\">\n\t\t<div class=\"elementor-element elementor-element-41a8dbe e-flex e-con-boxed e-con e-child\" data-id=\"41a8dbe\" data-element_type=\"container\" data-settings=\"{&quot;content_width&quot;:&quot;boxed&quot;}\">\n\t\t\t\t\t<div class=\"e-con-inner\">\n\t\t\t\t<div class=\"elementor-element elementor-element-5165d70 title-border-corner elementor-widget elementor-widget-heading\" data-id=\"5165d70\" data-element_type=\"widget\" data-widget_type=\"heading.default\">\n\t\t\t\t<div class=\"elementor-widget-container\">\n\t\t\t<h2 class=\"elementor-heading-title elementor-size-default\">UNSERE KULTUR<\/h2>\t\t<\/div>\n\t\t\t\t<\/div>\n\t\t\t\t\t<\/div>\n\t\t\t\t<\/div>\n\t\t<div class=\"elementor-element elementor-element-75ebf0c e-flex e-con-boxed e-con e-child\" data-id=\"75ebf0c\" data-element_type=\"container\" data-settings=\"{&quot;background_background&quot;:&quot;classic&quot;,&quot;content_width&quot;:&quot;boxed&quot;}\">\n\t\t\t\t\t<div class=\"e-con-inner\">\n\t\t\t\t<div class=\"elementor-element elementor-element-557034e elementor-widget elementor-widget-text-editor\" data-id=\"557034e\" data-element_type=\"widget\" data-widget_type=\"text-editor.default\">\n\t\t\t\t<div class=\"elementor-widget-container\">\n\t\t\t\t\t\t\t<p><span style=\"font-weight: 400;\">Wir lassen uns von der Idee leiten, messbare Ergebnisse zu erzielen, damit unsere Auftraggeber einen Mehrwert f\u00fcr ihre Kunden schaffen. Wir sind Vorreiter in Sachen Effizienz sowie Qualit\u00e4t und im klugen Einsatz von Technologie. <\/span><\/p>\n<p><span style=\"font-weight: 400;\">Wir sind umsetzungsorientiert, bodenst\u00e4ndig und operativ. Das hei\u00dft, wir sind Macher und arbeiten als Team ohne Schranken und Hierarchien zusammen. Unsere F\u00fchrungskr\u00e4fte fungieren als Coaches und wir begegnen einander mit gr\u00f6\u00dftem Respekt, egal wer wir sind.  <\/span><\/p>\n<p><span style=\"font-weight: 400;\">Wir sind neugierig und gehen den Dingen auf den Grund. Dabei verlieren wir nie den Blick f\u00fcr das gro\u00dfe Ganze. Und was uns dabei am wichtigsten ist: Bei all dem Tech-Talk vergessen wir nie, uns um die Menschen zu k\u00fcmmern, mit denen wir zu tun haben.  <\/span><\/p>\n\t\t\t\t\t\t<\/div>\n\t\t\t\t<\/div>\n\t\t\t\t\t<\/div>\n\t\t\t\t<\/div>\n\t\t\t\t\t<\/div>\n\t\t\t\t<\/div>\n\t\t<div class=\"elementor-element elementor-element-491614d e-con-full scroll-to-section e-flex e-con e-parent\" data-id=\"491614d\" data-element_type=\"container\" data-settings=\"{&quot;background_background&quot;:&quot;classic&quot;,&quot;content_width&quot;:&quot;full&quot;}\" data-core-v316-plus=\"true\">\n\t\t<div class=\"elementor-element elementor-element-5d1a18a e-flex e-con-boxed e-con e-child\" data-id=\"5d1a18a\" data-element_type=\"container\" data-settings=\"{&quot;content_width&quot;:&quot;boxed&quot;}\">\n\t\t\t\t\t<div class=\"e-con-inner\">\n\t\t<div class=\"elementor-element elementor-element-4a73947 e-flex e-con-boxed e-con e-child\" data-id=\"4a73947\" data-element_type=\"container\" data-settings=\"{&quot;content_width&quot;:&quot;boxed&quot;}\">\n\t\t\t\t\t<div class=\"e-con-inner\">\n\t\t\t\t<div class=\"elementor-element elementor-element-00db07f title-border-corner elementor-widget elementor-widget-heading\" data-id=\"00db07f\" data-element_type=\"widget\" data-widget_type=\"heading.default\">\n\t\t\t\t<div class=\"elementor-widget-container\">\n\t\t\t<h2 class=\"elementor-heading-title elementor-size-default\">Vielfalt und Inklusion<\/h2>\t\t<\/div>\n\t\t\t\t<\/div>\n\t\t\t\t\t<\/div>\n\t\t\t\t<\/div>\n\t\t\t\t<div class=\"elementor-element elementor-element-ec96570 elementor-widget elementor-widget-text-editor\" data-id=\"ec96570\" data-element_type=\"widget\" data-widget_type=\"text-editor.default\">\n\t\t\t\t<div class=\"elementor-widget-container\">\n\t\t\t\t\t\t\t<p><span style=\"font-weight: 400;\">Neben den Kunden stehen bei change2target AI die Mitarbeiterinnen und Mitarbeiter im Mittelpunkt des Handelns. Daher sind wir stolz darauf, dass wir uns untereinander mit dem gr\u00f6\u00dften Ma\u00df an Respekt begegnen, unabh\u00e4ngig von Herkunft, Religion, Sprache, Geschlecht, sexueller Orientierung, Ausbildung oder anderen pers\u00f6nlichen Eigenschaften. So k\u00f6nnen wir Vielfalt und Zugeh\u00f6rigkeit als unsere St\u00e4rken nutzen.   <\/span><\/p>\n\t\t\t\t\t\t<\/div>\n\t\t\t\t<\/div>\n\t\t\t\t\t<\/div>\n\t\t\t\t<\/div>\n\t\t\t\t<\/div>\n\t\t<div class=\"elementor-element elementor-element-1facbc9 scroll-to-section e-flex e-con-boxed e-con e-parent\" data-id=\"1facbc9\" data-element_type=\"container\" id=\"openings\" data-settings=\"{&quot;content_width&quot;:&quot;boxed&quot;}\" data-core-v316-plus=\"true\">\n\t\t\t\t\t<div class=\"e-con-inner\">\n\t\t<div class=\"elementor-element elementor-element-33dac8a e-flex e-con-boxed e-con e-child\" data-id=\"33dac8a\" data-element_type=\"container\" data-settings=\"{&quot;content_width&quot;:&quot;boxed&quot;}\">\n\t\t\t\t\t<div class=\"e-con-inner\">\n\t\t\t\t<div class=\"elementor-element elementor-element-f92307a title-border-corner elementor-widget elementor-widget-heading\" data-id=\"f92307a\" data-element_type=\"widget\" data-widget_type=\"heading.default\">\n\t\t\t\t<div class=\"elementor-widget-container\">\n\t\t\t<h2 class=\"elementor-heading-title elementor-size-default\">OFFENE STELLEN<\/h2>\t\t<\/div>\n\t\t\t\t<\/div>\n\t\t\t\t\t<\/div>\n\t\t\t\t<\/div>\n\t\t<div class=\"elementor-element elementor-element-48a2eff e-flex e-con-boxed e-con e-child\" data-id=\"48a2eff\" data-element_type=\"container\" data-settings=\"{&quot;content_width&quot;:&quot;boxed&quot;}\">\n\t\t\t\t\t<div class=\"e-con-inner\">\n\t\t\t\t<div class=\"elementor-element elementor-element-ca4b0bf elementor-widget elementor-widget-shortcode\" data-id=\"ca4b0bf\" data-element_type=\"widget\" data-widget_type=\"shortcode.default\">\n\t\t\t\t<div class=\"elementor-widget-container\">\n\t\t\t\t\t<div class=\"elementor-shortcode\"><div class=\"filter job-location-filter\"><div class=\"filter-group\"><select class=\"select-location\" name=\"job-location\"><option value=\"*\">Nach Standort sortieren<\/option><option value=\".mnchen-deutschland\">M\u00fcnchen, Deutschland<\/option><div class=\"item\"><button type=\"button\" value=\".mnchen-deutschland\" class=\"cust inactive-filter\">M\u00fcnchen, Deutschland<\/button><\/div><\/select><a href=\"#\" class=\"clear-locations\" id=\"clear-locations\">Filter aufheben<\/a><\/div><\/div><div class=\"jobs-section\">\n\t\t<section class=\"jobs-wrapper\">\n\t\t<div class=\"swiper-container inner-slider\">\n\t\t<ul id=\"openings-carousel\" class=\"swiper-wrapper openings-carousel-swipe slides\"><li class=\"swiper-slide slide mnchen-deutschland\">\n\t\t\t\t<div class=\"job-main\">\n\t\t\t\t\t<a href=\"https:\/\/change2target.ai\/de\/openings\/data-analyst-m-f-d\/\" target=\"_blank\">\n\t\t\t\t\t\t<span class=\"main-content\">\n\t\t\t\t\t\t\t<span class=\"job-title\">Data Analyst (m\/f\/d)<\/span>\n\t\t\t\t\t\t\t<span class=\"detail-btn\">Details<\/span>\n\t\t\t\t\t\t<\/span>\n\t\t\t\t\t<\/a>\n\t\t\t\t\t<span class=\"short-content\">\n\t\t\t\t\t\t<span class=\"name-title\"><\/span>\n\t\t\t\t\t\t<span class=\"job-location\">M\u00fcnchen, Deutschland<\/span>\n\t\t\t\t\t\t<span class=\"job-apply\"><a href=\"https:\/\/change2target.ai\/de\/openings\/data-analyst-m-f-d\/\" target=\"_blank\">Bewerben<\/a><\/span>\n\t\t\t\t\t<\/span>\n\t\t\t\t<\/div>\n\t\t\t<\/li><li class=\"swiper-slide slide mnchen-deutschland\">\n\t\t\t\t<div class=\"job-main\">\n\t\t\t\t\t<a href=\"https:\/\/change2target.ai\/de\/openings\/data-scientist-m-f-d\/\" target=\"_blank\">\n\t\t\t\t\t\t<span class=\"main-content\">\n\t\t\t\t\t\t\t<span class=\"job-title\">Data Scientist (m\/f\/d)<\/span>\n\t\t\t\t\t\t\t<span class=\"detail-btn\">Details<\/span>\n\t\t\t\t\t\t<\/span>\n\t\t\t\t\t<\/a>\n\t\t\t\t\t<span class=\"short-content\">\n\t\t\t\t\t\t<span class=\"name-title\"><\/span>\n\t\t\t\t\t\t<span class=\"job-location\">M\u00fcnchen, Deutschland<\/span>\n\t\t\t\t\t\t<span class=\"job-apply\"><a href=\"https:\/\/change2target.ai\/de\/openings\/data-scientist-m-f-d\/\" target=\"_blank\">Bewerben<\/a><\/span>\n\t\t\t\t\t<\/span>\n\t\t\t\t<\/div>\n\t\t\t<\/li><li class=\"swiper-slide slide mnchen-deutschland\">\n\t\t\t\t<div class=\"job-main\">\n\t\t\t\t\t<a href=\"https:\/\/change2target.ai\/de\/openings\/werkstudent-m-f-d-software-development\/\" target=\"_blank\">\n\t\t\t\t\t\t<span class=\"main-content\">\n\t\t\t\t\t\t\t<span class=\"job-title\">Werkstudent (m\/f\/d) Software Development<\/span>\n\t\t\t\t\t\t\t<span class=\"detail-btn\">Details<\/span>\n\t\t\t\t\t\t<\/span>\n\t\t\t\t\t<\/a>\n\t\t\t\t\t<span class=\"short-content\">\n\t\t\t\t\t\t<span class=\"name-title\"><\/span>\n\t\t\t\t\t\t<span class=\"job-location\">M\u00fcnchen, Deutschland<\/span>\n\t\t\t\t\t\t<span class=\"job-apply\"><a href=\"https:\/\/change2target.ai\/de\/openings\/werkstudent-m-f-d-software-development\/\" target=\"_blank\">Bewerben<\/a><\/span>\n\t\t\t\t\t<\/span>\n\t\t\t\t<\/div>\n\t\t\t<\/li><li class=\"swiper-slide slide mnchen-deutschland\">\n\t\t\t\t<div class=\"job-main\">\n\t\t\t\t\t<a href=\"https:\/\/change2target.ai\/de\/openings\/werkstudent-data-ai-muenchen\/\" target=\"_blank\">\n\t\t\t\t\t\t<span class=\"main-content\">\n\t\t\t\t\t\t\t<span class=\"job-title\">Werkstudent (m\/f\/d) \u2013 Data &#038; AI Engineering<\/span>\n\t\t\t\t\t\t\t<span class=\"detail-btn\">Details<\/span>\n\t\t\t\t\t\t<\/span>\n\t\t\t\t\t<\/a>\n\t\t\t\t\t<span class=\"short-content\">\n\t\t\t\t\t\t<span class=\"name-title\"><\/span>\n\t\t\t\t\t\t<span class=\"job-location\">M\u00fcnchen, Deutschland<\/span>\n\t\t\t\t\t\t<span class=\"job-apply\"><a href=\"https:\/\/change2target.ai\/de\/openings\/werkstudent-data-ai-muenchen\/\" target=\"_blank\">Bewerben<\/a><\/span>\n\t\t\t\t\t<\/span>\n\t\t\t\t<\/div>\n\t\t\t<\/li><\/ul><div class=\"swiper-slider-arrows\">\n\t\t\t<div class=\"swiper-scrollbar\"><\/div>\n\t\t\t<div class=\"swiper-arrows\">\n\t\t\t\t<div class=\"swiper-button-prev-c\"><img decoding=\"async\" src=\"https:\/\/change2target.ai\/wp-content\/themes\/change2target\/images\/prev.svg\" alt=\"Previous\"><\/div>\n\t\t\t\t<div class=\"swiper-button-next-c\"><img decoding=\"async\" src=\"https:\/\/change2target.ai\/wp-content\/themes\/change2target\/images\/next.svg\" alt=\"Previous\"><\/div>\n\t\t\t<\/div>\n\t\t<\/div><\/div><\/section><\/div><\/div>\n\t\t\t\t<\/div>\n\t\t\t\t<\/div>\n\t\t\t\t\t<\/div>\n\t\t\t\t<\/div>\n\t\t\t\t\t<\/div>\n\t\t\t\t<\/div>\n\t\t\t\t\t\t\t<\/div>\n\t\t","protected":false},"excerpt":{"rendered":"<p>INNOVATION EXPERIENCE Werde ein Transformer bei change2target AI Unser Team aus Strategen, Analysten, Projektmanagern, Entwicklern, Ingenieuren, Marketingexperten und Designern ist hoch qualifiziert und wirklich digital. Wir wissen, wie wir aktuelle Gesch\u00e4ftsmodelle mit disruptivem Denken kombinieren k\u00f6nnen, um den Weg in eine digitale Zukunft zu beschleunigen. UNSERE KULTUR Wir lassen uns von der Idee leiten, messbare [&hellip;]<\/p>\n","protected":false},"author":1,"featured_media":0,"parent":0,"menu_order":0,"comment_status":"closed","ping_status":"closed","template":"elementor_header_footer","meta":{"footnotes":""},"acf":[],"yoast_head":"<!-- This site is optimized with the Yoast SEO plugin v21.3 - https:\/\/yoast.com\/wordpress\/plugins\/seo\/ -->\n<title>Teamgeist bei change2target AI \u2013 Zukunft gestalten.<\/title>\n<meta name=\"description\" content=\"Wir entwickeln die Zukunft intelligenter Automatisierung \u2013 mit einem Team aus Technikbegeisterten, Machern und Vision\u00e4ren.\" \/>\n<meta name=\"robots\" content=\"index, follow, max-snippet:-1, max-image-preview:large, max-video-preview:-1\" \/>\n<link rel=\"canonical\" href=\"https:\/\/change2target.ai\/de\/people\/\" \/>\n<meta property=\"og:locale\" content=\"de_DE\" \/>\n<meta property=\"og:type\" content=\"article\" \/>\n<meta property=\"og:title\" content=\"Teamgeist bei change2target AI \u2013 Zukunft gestalten.\" \/>\n<meta property=\"og:description\" content=\"Wir entwickeln die Zukunft intelligenter Automatisierung \u2013 mit einem Team aus Technikbegeisterten, Machern und Vision\u00e4ren.\" \/>\n<meta property=\"og:url\" content=\"https:\/\/change2target.ai\/de\/people\/\" \/>\n<meta property=\"og:site_name\" content=\"change2target AI\" \/>\n<meta property=\"article:modified_time\" content=\"2025-04-24T10:32:09+00:00\" \/>\n<meta property=\"og:image\" content=\"https:\/\/change2target.ai\/wp-content\/uploads\/2023\/09\/people-page.webp\" \/>\n<meta name=\"twitter:card\" content=\"summary_large_image\" \/>\n<meta name=\"twitter:label1\" content=\"Gesch\u00e4tzte Lesezeit\" \/>\n\t<meta name=\"twitter:data1\" content=\"2 Minuten\" \/>\n<script type=\"application\/ld+json\" class=\"yoast-schema-graph\">{\"@context\":\"https:\/\/schema.org\",\"@graph\":[{\"@type\":\"WebPage\",\"@id\":\"https:\/\/change2target.ai\/de\/people\/\",\"url\":\"https:\/\/change2target.ai\/de\/people\/\",\"name\":\"Teamgeist bei change2target AI \u2013 Zukunft gestalten.\",\"isPartOf\":{\"@id\":\"https:\/\/change2target.ai\/de\/#website\"},\"datePublished\":\"2023-09-04T05:34:50+00:00\",\"dateModified\":\"2025-04-24T10:32:09+00:00\",\"description\":\"Wir entwickeln die Zukunft intelligenter Automatisierung \u2013 mit einem Team aus Technikbegeisterten, Machern und Vision\u00e4ren.\",\"breadcrumb\":{\"@id\":\"https:\/\/change2target.ai\/de\/people\/#breadcrumb\"},\"inLanguage\":\"de-DE\",\"potentialAction\":[{\"@type\":\"ReadAction\",\"target\":[\"https:\/\/change2target.ai\/de\/people\/\"]}]},{\"@type\":\"BreadcrumbList\",\"@id\":\"https:\/\/change2target.ai\/de\/people\/#breadcrumb\",\"itemListElement\":[{\"@type\":\"ListItem\",\"position\":1,\"name\":\"Home\",\"item\":\"https:\/\/change2target.ai\/de\/\"},{\"@type\":\"ListItem\",\"position\":2,\"name\":\"People\",\"item\":\"https:\/\/change2target.ai\/de\/people\/\"},{\"@type\":\"ListItem\",\"position\":3,\"name\":\"People\"}]},{\"@type\":\"WebSite\",\"@id\":\"https:\/\/change2target.ai\/de\/#website\",\"url\":\"https:\/\/change2target.ai\/de\/\",\"name\":\"change2target AI\",\"description\":\"your partner for AI-based automation\",\"publisher\":{\"@id\":\"https:\/\/change2target.ai\/de\/#organization\"},\"potentialAction\":[{\"@type\":\"SearchAction\",\"target\":{\"@type\":\"EntryPoint\",\"urlTemplate\":\"https:\/\/change2target.ai\/de\/?s={search_term_string}\"},\"query-input\":\"required name=search_term_string\"}],\"inLanguage\":\"de-DE\"},{\"@type\":\"Organization\",\"@id\":\"https:\/\/change2target.ai\/de\/#organization\",\"name\":\"change2target AI\",\"url\":\"https:\/\/change2target.ai\/de\/\",\"logo\":{\"@type\":\"ImageObject\",\"inLanguage\":\"de-DE\",\"@id\":\"https:\/\/change2target.ai\/de\/#\/schema\/logo\/image\/\",\"url\":\"https:\/\/change2target.ai\/wp-content\/uploads\/2023\/09\/Logo.png\",\"contentUrl\":\"https:\/\/change2target.ai\/wp-content\/uploads\/2023\/09\/Logo.png\",\"width\":320,\"height\":62,\"caption\":\"change2target AI\"},\"image\":{\"@id\":\"https:\/\/change2target.ai\/de\/#\/schema\/logo\/image\/\"}}]}<\/script>\n<!-- \/ Yoast SEO plugin. -->","yoast_head_json":{"title":"Teamgeist bei change2target AI \u2013 Zukunft gestalten.","description":"Wir entwickeln die Zukunft intelligenter Automatisierung \u2013 mit einem Team aus Technikbegeisterten, Machern und Vision\u00e4ren.","robots":{"index":"index","follow":"follow","max-snippet":"max-snippet:-1","max-image-preview":"max-image-preview:large","max-video-preview":"max-video-preview:-1"},"canonical":"https:\/\/change2target.ai\/de\/people\/","og_locale":"de_DE","og_type":"article","og_title":"Teamgeist bei change2target AI \u2013 Zukunft gestalten.","og_description":"Wir entwickeln die Zukunft intelligenter Automatisierung \u2013 mit einem Team aus Technikbegeisterten, Machern und Vision\u00e4ren.","og_url":"https:\/\/change2target.ai\/de\/people\/","og_site_name":"change2target AI","article_modified_time":"2025-04-24T10:32:09+00:00","og_image":[{"url":"https:\/\/change2target.ai\/wp-content\/uploads\/2023\/09\/people-page.webp"}],"twitter_card":"summary_large_image","twitter_misc":{"Gesch\u00e4tzte Lesezeit":"2 Minuten"},"schema":{"@context":"https:\/\/schema.org","@graph":[{"@type":"WebPage","@id":"https:\/\/change2target.ai\/de\/people\/","url":"https:\/\/change2target.ai\/de\/people\/","name":"Teamgeist bei change2target AI \u2013 Zukunft gestalten.","isPartOf":{"@id":"https:\/\/change2target.ai\/de\/#website"},"datePublished":"2023-09-04T05:34:50+00:00","dateModified":"2025-04-24T10:32:09+00:00","description":"Wir entwickeln die Zukunft intelligenter Automatisierung \u2013 mit einem Team aus Technikbegeisterten, Machern und Vision\u00e4ren.","breadcrumb":{"@id":"https:\/\/change2target.ai\/de\/people\/#breadcrumb"},"inLanguage":"de-DE","potentialAction":[{"@type":"ReadAction","target":["https:\/\/change2target.ai\/de\/people\/"]}]},{"@type":"BreadcrumbList","@id":"https:\/\/change2target.ai\/de\/people\/#breadcrumb","itemListElement":[{"@type":"ListItem","position":1,"name":"Home","item":"https:\/\/change2target.ai\/de\/"},{"@type":"ListItem","position":2,"name":"People","item":"https:\/\/change2target.ai\/de\/people\/"},{"@type":"ListItem","position":3,"name":"People"}]},{"@type":"WebSite","@id":"https:\/\/change2target.ai\/de\/#website","url":"https:\/\/change2target.ai\/de\/","name":"change2target AI","description":"your partner for AI-based automation","publisher":{"@id":"https:\/\/change2target.ai\/de\/#organization"},"potentialAction":[{"@type":"SearchAction","target":{"@type":"EntryPoint","urlTemplate":"https:\/\/change2target.ai\/de\/?s={search_term_string}"},"query-input":"required name=search_term_string"}],"inLanguage":"de-DE"},{"@type":"Organization","@id":"https:\/\/change2target.ai\/de\/#organization","name":"change2target AI","url":"https:\/\/change2target.ai\/de\/","logo":{"@type":"ImageObject","inLanguage":"de-DE","@id":"https:\/\/change2target.ai\/de\/#\/schema\/logo\/image\/","url":"https:\/\/change2target.ai\/wp-content\/uploads\/2023\/09\/Logo.png","contentUrl":"https:\/\/change2target.ai\/wp-content\/uploads\/2023\/09\/Logo.png","width":320,"height":62,"caption":"change2target AI"},"image":{"@id":"https:\/\/change2target.ai\/de\/#\/schema\/logo\/image\/"}}]}},"_links":{"self":[{"href":"https:\/\/change2target.ai\/de\/wp-json\/wp\/v2\/pages\/3734"}],"collection":[{"href":"https:\/\/change2target.ai\/de\/wp-json\/wp\/v2\/pages"}],"about":[{"href":"https:\/\/change2target.ai\/de\/wp-json\/wp\/v2\/types\/page"}],"author":[{"embeddable":true,"href":"https:\/\/change2target.ai\/de\/wp-json\/wp\/v2\/users\/1"}],"replies":[{"embeddable":true,"href":"https:\/\/change2target.ai\/de\/wp-json\/wp\/v2\/comments?post=3734"}],"version-history":[{"count":4,"href":"https:\/\/change2target.ai\/de\/wp-json\/wp\/v2\/pages\/3734\/revisions"}],"predecessor-version":[{"id":4476,"href":"https:\/\/change2target.ai\/de\/wp-json\/wp\/v2\/pages\/3734\/revisions\/4476"}],"wp:attachment":[{"href":"https:\/\/change2target.ai\/de\/wp-json\/wp\/v2\/media?parent=3734"}],"curies":[{"name":"wp","href":"https:\/\/api.w.org\/{rel}","templated":true}]}}