{"id":3939,"date":"2023-09-05T12:59:40","date_gmt":"2023-09-05T12:59:40","guid":{"rendered":"https:\/\/change2target.io\/impressum\/"},"modified":"2023-09-22T18:01:07","modified_gmt":"2023-09-22T18:01:07","slug":"impressum","status":"publish","type":"page","link":"https:\/\/change2target.ai\/de\/impressum\/","title":{"rendered":"Impressum"},"content":{"rendered":"\t\t<div data-elementor-type=\"wp-page\" data-elementor-id=\"3939\" class=\"elementor elementor-3939 elementor-2756\" data-elementor-post-type=\"page\">\n\t\t\t\t\t\t\t<div class=\"elementor-element elementor-element-904f182 e-flex e-con-boxed e-con e-parent\" data-id=\"904f182\" data-element_type=\"container\" data-settings=\"{&quot;content_width&quot;:&quot;boxed&quot;}\" data-core-v316-plus=\"true\">\n\t\t\t\t\t<div class=\"e-con-inner\">\n\t\t<div class=\"elementor-element elementor-element-03eb449 e-flex e-con-boxed e-con e-parent\" data-id=\"03eb449\" data-element_type=\"container\" data-settings=\"{&quot;content_width&quot;:&quot;boxed&quot;}\" data-core-v316-plus=\"true\">\n\t\t\t\t\t<div class=\"e-con-inner\">\n\t\t\t\t<div class=\"elementor-element elementor-element-b8459c5 title-border-corner elementor-widget elementor-widget-heading\" data-id=\"b8459c5\" data-element_type=\"widget\" data-widget_type=\"heading.default\">\n\t\t\t\t<div class=\"elementor-widget-container\">\n\t\t\t<style>\/*! elementor - v3.16.0 - 20-09-2023 *\/\n.elementor-heading-title{padding:0;margin:0;line-height:1}.elementor-widget-heading .elementor-heading-title[class*=elementor-size-]>a{color:inherit;font-size:inherit;line-height:inherit}.elementor-widget-heading .elementor-heading-title.elementor-size-small{font-size:15px}.elementor-widget-heading .elementor-heading-title.elementor-size-medium{font-size:19px}.elementor-widget-heading .elementor-heading-title.elementor-size-large{font-size:29px}.elementor-widget-heading .elementor-heading-title.elementor-size-xl{font-size:39px}.elementor-widget-heading .elementor-heading-title.elementor-size-xxl{font-size:59px}<\/style><h2 class=\"elementor-heading-title elementor-size-default\">Impressum<\/h2>\t\t<\/div>\n\t\t\t\t<\/div>\n\t\t\t\t\t<\/div>\n\t\t\t\t<\/div>\n\t\t\t\t\t<\/div>\n\t\t\t\t<\/div>\n\t\t<div class=\"elementor-element elementor-element-28a3e03 e-flex e-con-boxed e-con e-parent\" data-id=\"28a3e03\" data-element_type=\"container\" data-settings=\"{&quot;background_background&quot;:&quot;classic&quot;,&quot;content_width&quot;:&quot;boxed&quot;}\" data-core-v316-plus=\"true\">\n\t\t\t\t\t<div class=\"e-con-inner\">\n\t\t<div class=\"elementor-element elementor-element-26b53c5 e-flex e-con-boxed e-con e-parent\" data-id=\"26b53c5\" data-element_type=\"container\" data-settings=\"{&quot;background_background&quot;:&quot;classic&quot;,&quot;content_width&quot;:&quot;boxed&quot;}\" data-core-v316-plus=\"true\">\n\t\t\t\t\t<div class=\"e-con-inner\">\n\t\t\t\t<div class=\"elementor-element elementor-element-d9cf0b9 elementor-widget__width-initial elementor-widget elementor-widget-heading\" data-id=\"d9cf0b9\" data-element_type=\"widget\" data-widget_type=\"heading.default\">\n\t\t\t\t<div class=\"elementor-widget-container\">\n\t\t\t<h3 class=\"elementor-heading-title elementor-size-default\">change2target group GmbH<\/h3>\t\t<\/div>\n\t\t\t\t<\/div>\n\t\t<div class=\"elementor-element elementor-element-93810cd e-flex e-con-boxed e-con e-parent\" data-id=\"93810cd\" data-element_type=\"container\" data-settings=\"{&quot;background_background&quot;:&quot;classic&quot;,&quot;content_width&quot;:&quot;boxed&quot;}\" data-core-v316-plus=\"true\">\n\t\t\t\t\t<div class=\"e-con-inner\">\n\t\t\t\t<div class=\"elementor-element elementor-element-1a98bea elementor-widget elementor-widget-text-editor\" data-id=\"1a98bea\" data-element_type=\"widget\" data-widget_type=\"text-editor.default\">\n\t\t\t\t<div class=\"elementor-widget-container\">\n\t\t\t<style>\/*! elementor - v3.16.0 - 20-09-2023 *\/\n.elementor-widget-text-editor.elementor-drop-cap-view-stacked .elementor-drop-cap{background-color:#69727d;color:#fff}.elementor-widget-text-editor.elementor-drop-cap-view-framed .elementor-drop-cap{color:#69727d;border:3px solid;background-color:transparent}.elementor-widget-text-editor:not(.elementor-drop-cap-view-default) .elementor-drop-cap{margin-top:8px}.elementor-widget-text-editor:not(.elementor-drop-cap-view-default) .elementor-drop-cap-letter{width:1em;height:1em}.elementor-widget-text-editor .elementor-drop-cap{float:left;text-align:center;line-height:1;font-size:50px}.elementor-widget-text-editor .elementor-drop-cap-letter{display:inline-block}<\/style>\t\t\t\t<p>Oskar-Schlemmer-Stra\u00dfe 11<br \/>80807 Munich<br \/>Gesch\u00e4ftsf\u00fchrer: Martin Fischer<\/p>\n<p>Tel.: +49 (0) 89 36 89 03 50<br \/>Fax: +49 (0) 89 36 89 03 51<br \/>E-Mail: <a href=\"mailto:info@change2target.com\">info@change2target.com<\/a><br \/><a href=\"https:\/\/www.change2target.com\/\" target=\"_blank\" rel=\"noopener\">www.change2target.com<\/a><\/p>\n<p>Handelsregister: HRB 233477, Amtsgericht M\u00fcnchen<br \/>USt-IdNr. DE248589213 <\/p>\n<p>\u00a9 Copyright 2006-2023, change2target group GmbH<\/p>\n<p>Alle Rechte vorbehalten.<\/p>\n<p>Jede Vervielf\u00e4ltigung oder Verbreitung der angebotenen Inhalte bedarf der vorherigen schriftlichen Zustimmung.<\/p>\n\t\t\t\t\t\t<\/div>\n\t\t\t\t<\/div>\n\t\t\t\t\t<\/div>\n\t\t\t\t<\/div>\n\t\t\t\t\t<\/div>\n\t\t\t\t<\/div>\n\t\t\t\t\t<\/div>\n\t\t\t\t<\/div>\n\t\t\t\t\t\t\t<\/div>\n\t\t","protected":false},"excerpt":{"rendered":"<p>Impressum change2target group GmbH Oskar-Schlemmer-Stra\u00dfe 1180807 MunichGesch\u00e4ftsf\u00fchrer: Martin Fischer Tel.: +49 (0) 89 36 89 03 50Fax: +49 (0) 89 36 89 03 51E-Mail: info@change2target.comwww.change2target.com Handelsregister: HRB 233477, Amtsgericht M\u00fcnchenUSt-IdNr. DE248589213 \u00a9 Copyright 2006-2023, change2target group GmbH Alle Rechte vorbehalten. Jede Vervielf\u00e4ltigung oder Verbreitung der angebotenen Inhalte bedarf der vorherigen schriftlichen Zustimmung.<\/p>\n","protected":false},"author":1,"featured_media":0,"parent":0,"menu_order":0,"comment_status":"closed","ping_status":"closed","template":"elementor_header_footer","meta":{"footnotes":""},"acf":[],"yoast_head":"<!-- This site is optimized with the Yoast SEO plugin v21.3 - https:\/\/yoast.com\/wordpress\/plugins\/seo\/ -->\n<title>Impressum - change2target AI<\/title>\n<meta name=\"robots\" content=\"index, follow, max-snippet:-1, max-image-preview:large, max-video-preview:-1\" \/>\n<link rel=\"canonical\" href=\"https:\/\/change2target.ai\/de\/impressum\/\" \/>\n<meta property=\"og:locale\" content=\"de_DE\" \/>\n<meta property=\"og:type\" content=\"article\" \/>\n<meta property=\"og:title\" content=\"Impressum - change2target AI\" \/>\n<meta property=\"og:description\" content=\"Impressum change2target group GmbH Oskar-Schlemmer-Stra\u00dfe 1180807 MunichGesch\u00e4ftsf\u00fchrer: Martin Fischer Tel.: +49 (0) 89 36 89 03 50Fax: +49 (0) 89 36 89 03 51E-Mail: info@change2target.comwww.change2target.com Handelsregister: HRB 233477, Amtsgericht M\u00fcnchenUSt-IdNr. DE248589213 \u00a9 Copyright 2006-2023, change2target group GmbH Alle Rechte vorbehalten. Jede Vervielf\u00e4ltigung oder Verbreitung der angebotenen Inhalte bedarf der vorherigen schriftlichen Zustimmung.\" \/>\n<meta property=\"og:url\" content=\"https:\/\/change2target.ai\/de\/impressum\/\" \/>\n<meta property=\"og:site_name\" content=\"change2target AI\" \/>\n<meta property=\"article:modified_time\" content=\"2023-09-22T18:01:07+00:00\" \/>\n<meta name=\"twitter:card\" content=\"summary_large_image\" \/>\n<script type=\"application\/ld+json\" class=\"yoast-schema-graph\">{\"@context\":\"https:\/\/schema.org\",\"@graph\":[{\"@type\":\"WebPage\",\"@id\":\"https:\/\/change2target.ai\/de\/impressum\/\",\"url\":\"https:\/\/change2target.ai\/de\/impressum\/\",\"name\":\"Impressum - change2target AI\",\"isPartOf\":{\"@id\":\"https:\/\/change2target.ai\/de\/#website\"},\"datePublished\":\"2023-09-05T12:59:40+00:00\",\"dateModified\":\"2023-09-22T18:01:07+00:00\",\"breadcrumb\":{\"@id\":\"https:\/\/change2target.ai\/de\/impressum\/#breadcrumb\"},\"inLanguage\":\"de-DE\",\"potentialAction\":[{\"@type\":\"ReadAction\",\"target\":[\"https:\/\/change2target.ai\/de\/impressum\/\"]}]},{\"@type\":\"BreadcrumbList\",\"@id\":\"https:\/\/change2target.ai\/de\/impressum\/#breadcrumb\",\"itemListElement\":[{\"@type\":\"ListItem\",\"position\":1,\"name\":\"Home\",\"item\":\"https:\/\/change2target.ai\/de\/\"},{\"@type\":\"ListItem\",\"position\":2,\"name\":\"Impressum\"}]},{\"@type\":\"WebSite\",\"@id\":\"https:\/\/change2target.ai\/de\/#website\",\"url\":\"https:\/\/change2target.ai\/de\/\",\"name\":\"change2target AI\",\"description\":\"your partner for AI-based automation\",\"publisher\":{\"@id\":\"https:\/\/change2target.ai\/de\/#organization\"},\"potentialAction\":[{\"@type\":\"SearchAction\",\"target\":{\"@type\":\"EntryPoint\",\"urlTemplate\":\"https:\/\/change2target.ai\/de\/?s={search_term_string}\"},\"query-input\":\"required name=search_term_string\"}],\"inLanguage\":\"de-DE\"},{\"@type\":\"Organization\",\"@id\":\"https:\/\/change2target.ai\/de\/#organization\",\"name\":\"change2target AI\",\"url\":\"https:\/\/change2target.ai\/de\/\",\"logo\":{\"@type\":\"ImageObject\",\"inLanguage\":\"de-DE\",\"@id\":\"https:\/\/change2target.ai\/de\/#\/schema\/logo\/image\/\",\"url\":\"https:\/\/change2target.ai\/wp-content\/uploads\/2023\/09\/Logo.png\",\"contentUrl\":\"https:\/\/change2target.ai\/wp-content\/uploads\/2023\/09\/Logo.png\",\"width\":320,\"height\":62,\"caption\":\"change2target AI\"},\"image\":{\"@id\":\"https:\/\/change2target.ai\/de\/#\/schema\/logo\/image\/\"}}]}<\/script>\n<!-- \/ Yoast SEO plugin. -->","yoast_head_json":{"title":"Impressum - change2target AI","robots":{"index":"index","follow":"follow","max-snippet":"max-snippet:-1","max-image-preview":"max-image-preview:large","max-video-preview":"max-video-preview:-1"},"canonical":"https:\/\/change2target.ai\/de\/impressum\/","og_locale":"de_DE","og_type":"article","og_title":"Impressum - change2target AI","og_description":"Impressum change2target group GmbH Oskar-Schlemmer-Stra\u00dfe 1180807 MunichGesch\u00e4ftsf\u00fchrer: Martin Fischer Tel.: +49 (0) 89 36 89 03 50Fax: +49 (0) 89 36 89 03 51E-Mail: info@change2target.comwww.change2target.com Handelsregister: HRB 233477, Amtsgericht M\u00fcnchenUSt-IdNr. DE248589213 \u00a9 Copyright 2006-2023, change2target group GmbH Alle Rechte vorbehalten. Jede Vervielf\u00e4ltigung oder Verbreitung der angebotenen Inhalte bedarf der vorherigen schriftlichen Zustimmung.","og_url":"https:\/\/change2target.ai\/de\/impressum\/","og_site_name":"change2target AI","article_modified_time":"2023-09-22T18:01:07+00:00","twitter_card":"summary_large_image","schema":{"@context":"https:\/\/schema.org","@graph":[{"@type":"WebPage","@id":"https:\/\/change2target.ai\/de\/impressum\/","url":"https:\/\/change2target.ai\/de\/impressum\/","name":"Impressum - change2target AI","isPartOf":{"@id":"https:\/\/change2target.ai\/de\/#website"},"datePublished":"2023-09-05T12:59:40+00:00","dateModified":"2023-09-22T18:01:07+00:00","breadcrumb":{"@id":"https:\/\/change2target.ai\/de\/impressum\/#breadcrumb"},"inLanguage":"de-DE","potentialAction":[{"@type":"ReadAction","target":["https:\/\/change2target.ai\/de\/impressum\/"]}]},{"@type":"BreadcrumbList","@id":"https:\/\/change2target.ai\/de\/impressum\/#breadcrumb","itemListElement":[{"@type":"ListItem","position":1,"name":"Home","item":"https:\/\/change2target.ai\/de\/"},{"@type":"ListItem","position":2,"name":"Impressum"}]},{"@type":"WebSite","@id":"https:\/\/change2target.ai\/de\/#website","url":"https:\/\/change2target.ai\/de\/","name":"change2target AI","description":"your partner for AI-based automation","publisher":{"@id":"https:\/\/change2target.ai\/de\/#organization"},"potentialAction":[{"@type":"SearchAction","target":{"@type":"EntryPoint","urlTemplate":"https:\/\/change2target.ai\/de\/?s={search_term_string}"},"query-input":"required name=search_term_string"}],"inLanguage":"de-DE"},{"@type":"Organization","@id":"https:\/\/change2target.ai\/de\/#organization","name":"change2target AI","url":"https:\/\/change2target.ai\/de\/","logo":{"@type":"ImageObject","inLanguage":"de-DE","@id":"https:\/\/change2target.ai\/de\/#\/schema\/logo\/image\/","url":"https:\/\/change2target.ai\/wp-content\/uploads\/2023\/09\/Logo.png","contentUrl":"https:\/\/change2target.ai\/wp-content\/uploads\/2023\/09\/Logo.png","width":320,"height":62,"caption":"change2target AI"},"image":{"@id":"https:\/\/change2target.ai\/de\/#\/schema\/logo\/image\/"}}]}},"_links":{"self":[{"href":"https:\/\/change2target.ai\/de\/wp-json\/wp\/v2\/pages\/3939"}],"collection":[{"href":"https:\/\/change2target.ai\/de\/wp-json\/wp\/v2\/pages"}],"about":[{"href":"https:\/\/change2target.ai\/de\/wp-json\/wp\/v2\/types\/page"}],"author":[{"embeddable":true,"href":"https:\/\/change2target.ai\/de\/wp-json\/wp\/v2\/users\/1"}],"replies":[{"embeddable":true,"href":"https:\/\/change2target.ai\/de\/wp-json\/wp\/v2\/comments?post=3939"}],"version-history":[{"count":0,"href":"https:\/\/change2target.ai\/de\/wp-json\/wp\/v2\/pages\/3939\/revisions"}],"wp:attachment":[{"href":"https:\/\/change2target.ai\/de\/wp-json\/wp\/v2\/media?parent=3939"}],"curies":[{"name":"wp","href":"https:\/\/api.w.org\/{rel}","templated":true}]}}